{"id":11,"date":"2016-05-30T21:45:35","date_gmt":"2016-05-30T19:45:35","guid":{"rendered":"https:\/\/nen-info.de\/?page_id=11"},"modified":"2020-08-24T19:53:18","modified_gmt":"2020-08-24T17:53:18","slug":"ueber-uns","status":"publish","type":"page","link":"https:\/\/nen-info.de\/index.php\/ueber-uns\/","title":{"rendered":"\u00dcber uns"},"content":{"rendered":"<p>Die NEN wurde 2008 von Mitgliedern des WNV &#8211;\u00a0 der Windenergie Nordeifel e.V. &#8211; als GmbH gegr\u00fcndet um durch den Bau von Anlagen zur Gewinnung von erneuerbarer Energie die Energiewende durch konkrete Projekte zu unterst\u00fctzen. Dies ist bisher ausschlie\u00dflich durch den Bau von Photovoltaikanlagen auf gepachteten D\u00e4chern in der Nordeifel geschehen. Bis zum Jahr 2020 wurden dabei von \u00fcber 60 Gesellschaftern 11 Photovoltaikanlagen finanziert die mit \u00fcber 600 kWp j\u00e4hrlich ca. 600.000 kWh Strom produzieren und \u00fcberwiegend ins \u00f6ffentliche Netz einspeisen.<br \/>\nDie in den letzten Jahren stark verschlechterten Bedingungen zum Bau von weiteren erneuerbare Energie-Anlagen, insbesondere f\u00fcr B\u00fcrgerenergieanlagen wie die NEN sie initiiert, machen es fast unm\u00f6glich gegen die marktbeherrschenden Gro\u00dfkonzerne zu konkurrieren. Weiterhin ist die Stromb\u00f6rse so konzipiert das erneuerbar produzierter Strom f\u00fcr den Endverbraucher als Preistreiber dargestellt wird.<br \/>\nWir, die Gesch\u00e4ftsf\u00fchrung, nehmen die Aufgabe zur Umsetzung weiterer Projekte dennoch mit Engagement war und hoffen bei der ein oder anderen Gelegenheit &#8211; gerne mit Ihrer Unterst\u00fctzung &#8211; weitere Projekte im Sinne der Energiewende auf den Weg bringen zu k\u00f6nnen.<\/p>\n","protected":false},"excerpt":{"rendered":"<p>Die NEN wurde 2008 von Mitgliedern des WNV &#8211;\u00a0 der Windenergie Nordeifel e.V. &#8211; als GmbH gegr\u00fcndet um durch den Bau von Anlagen zur Gewinnung von erneuerbarer Energie die Energiewende&#8230; <a href=\"https:\/\/nen-info.de\/index.php\/ueber-uns\/\">Weiter lesen &raquo;<\/a><\/p>\n","protected":false},"author":1,"featured_media":0,"parent":0,"menu_order":0,"comment_status":"closed","ping_status":"closed","template":"page-templates\/full-width.php","meta":{"inline_featured_image":false,"footnotes":""},"class_list":["post-11","page","type-page","status-publish","hentry"],"_links":{"self":[{"href":"https:\/\/nen-info.de\/index.php\/wp-json\/wp\/v2\/pages\/11","targetHints":{"allow":["GET"]}}],"collection":[{"href":"https:\/\/nen-info.de\/index.php\/wp-json\/wp\/v2\/pages"}],"about":[{"href":"https:\/\/nen-info.de\/index.php\/wp-json\/wp\/v2\/types\/page"}],"author":[{"embeddable":true,"href":"https:\/\/nen-info.de\/index.php\/wp-json\/wp\/v2\/users\/1"}],"replies":[{"embeddable":true,"href":"https:\/\/nen-info.de\/index.php\/wp-json\/wp\/v2\/comments?post=11"}],"version-history":[{"count":4,"href":"https:\/\/nen-info.de\/index.php\/wp-json\/wp\/v2\/pages\/11\/revisions"}],"predecessor-version":[{"id":339,"href":"https:\/\/nen-info.de\/index.php\/wp-json\/wp\/v2\/pages\/11\/revisions\/339"}],"wp:attachment":[{"href":"https:\/\/nen-info.de\/index.php\/wp-json\/wp\/v2\/media?parent=11"}],"curies":[{"name":"wp","href":"https:\/\/api.w.org\/{rel}","templated":true}]}}